{"id":160,"date":"2024-09-30T14:39:16","date_gmt":"2024-09-30T17:39:16","guid":{"rendered":"https:\/\/cenacontemporanea.com.br\/2024\/?page_id=160"},"modified":"2024-11-08T16:12:43","modified_gmt":"2024-11-08T19:12:43","slug":"cena-2024","status":"publish","type":"page","link":"https:\/\/cenacontemporanea.com.br\/2024\/cena-2024\/","title":{"rendered":"Cena 2024"},"content":{"rendered":"\t\t<div data-elementor-type=\"wp-page\" data-elementor-id=\"160\" class=\"elementor elementor-160\">\n\t\t\t\t<div class=\"elementor-element elementor-element-32e534e8 e-flex e-con-boxed e-con e-parent\" data-id=\"32e534e8\" data-element_type=\"container\" data-settings=\"{&quot;background_background&quot;:&quot;classic&quot;,&quot;_ob_use_container_extras&quot;:&quot;no&quot;,&quot;_ob_column_hoveranimator&quot;:&quot;no&quot;,&quot;_ob_glider_is_slider&quot;:&quot;no&quot;,&quot;_ob_column_has_pseudo&quot;:&quot;no&quot;}\">\n\t\t\t\t\t<div class=\"e-con-inner\">\n\t\t\t\t<div class=\"elementor-element elementor-element-5fe96ab3 elementor-view-default ob-has-background-overlay elementor-widget elementor-widget-icon\" data-id=\"5fe96ab3\" data-element_type=\"widget\" data-settings=\"{&quot;_ob_widget_stalker_use&quot;:&quot;no&quot;,&quot;_ob_poopart_use&quot;:&quot;yes&quot;,&quot;_ob_shadough_use&quot;:&quot;no&quot;,&quot;_ob_allow_hoveranimator&quot;:&quot;no&quot;}\" data-widget_type=\"icon.default\">\n\t\t\t\t\t\t\t<div class=\"elementor-icon-wrapper\">\n\t\t\t<div class=\"elementor-icon\">\n\t\t\t<svg aria-hidden=\"true\" class=\"e-font-icon-svg e-fas-home\" viewBox=\"0 0 576 512\" xmlns=\"http:\/\/www.w3.org\/2000\/svg\"><path d=\"M280.37 148.26L96 300.11V464a16 16 0 0 0 16 16l112.06-.29a16 16 0 0 0 15.92-16V368a16 16 0 0 1 16-16h64a16 16 0 0 1 16 16v95.64a16 16 0 0 0 16 16.05L464 480a16 16 0 0 0 16-16V300L295.67 148.26a12.19 12.19 0 0 0-15.3 0zM571.6 251.47L488 182.56V44.05a12 12 0 0 0-12-12h-56a12 12 0 0 0-12 12v72.61L318.47 43a48 48 0 0 0-61 0L4.34 251.47a12 12 0 0 0-1.6 16.9l25.5 31A12 12 0 0 0 45.15 301l235.22-193.74a12.19 12.19 0 0 1 15.3 0L530.9 301a12 12 0 0 0 16.9-1.6l25.5-31a12 12 0 0 0-1.7-16.93z\"><\/path><\/svg>\t\t\t<\/div>\n\t\t<\/div>\n\t\t\t\t\t\t<\/div>\n\t\t\t\t<div class=\"elementor-element elementor-element-7b1ce95b ob-has-background-overlay elementor-widget elementor-widget-button\" data-id=\"7b1ce95b\" data-element_type=\"widget\" data-settings=\"{&quot;_ob_butterbutton_use_it&quot;:&quot;no&quot;,&quot;_ob_widget_stalker_use&quot;:&quot;no&quot;,&quot;_ob_poopart_use&quot;:&quot;yes&quot;,&quot;_ob_shadough_use&quot;:&quot;no&quot;,&quot;_ob_allow_hoveranimator&quot;:&quot;no&quot;}\" data-widget_type=\"button.default\">\n\t\t\t\t\t\t\t\t\t\t<a class=\"elementor-button elementor-size-sm\" role=\"button\">\n\t\t\t\t\t\t<span class=\"elementor-button-content-wrapper\">\n\t\t\t\t\t\t\t\t\t<span class=\"elementor-button-text\">cena contempor\u00e2nea 2024\/<\/span>\n\t\t\t\t\t<\/span>\n\t\t\t\t\t<\/a>\n\t\t\t\t\t\t\t\t<\/div>\n\t\t\t\t\t<\/div>\n\t\t\t\t<\/div>\n\t\t<div class=\"elementor-element elementor-element-4a3c19a5 e-flex e-con-boxed e-con e-parent\" data-id=\"4a3c19a5\" data-element_type=\"container\" data-settings=\"{&quot;background_background&quot;:&quot;classic&quot;,&quot;_ob_use_container_extras&quot;:&quot;no&quot;,&quot;_ob_column_hoveranimator&quot;:&quot;no&quot;,&quot;_ob_glider_is_slider&quot;:&quot;no&quot;,&quot;_ob_column_has_pseudo&quot;:&quot;no&quot;}\">\n\t\t\t\t\t<div class=\"e-con-inner\">\n\t\t<div class=\"elementor-element elementor-element-1184356 e-con-full e-flex e-con e-child\" data-id=\"1184356\" data-element_type=\"container\" data-settings=\"{&quot;_ob_use_container_extras&quot;:&quot;no&quot;,&quot;_ob_column_hoveranimator&quot;:&quot;no&quot;,&quot;_ob_glider_is_slider&quot;:&quot;no&quot;,&quot;_ob_column_has_pseudo&quot;:&quot;no&quot;}\">\n\t\t\t\t<div class=\"elementor-element elementor-element-3804d306 ob-harakiri-inherit ob-has-background-overlay elementor-widget elementor-widget-text-editor\" data-id=\"3804d306\" data-element_type=\"widget\" data-settings=\"{&quot;_ob_use_harakiri&quot;:&quot;yes&quot;,&quot;_ob_harakiri_writing_mode&quot;:&quot;inherit&quot;,&quot;_ob_postman_use&quot;:&quot;no&quot;,&quot;_ob_widget_stalker_use&quot;:&quot;no&quot;,&quot;_ob_poopart_use&quot;:&quot;yes&quot;,&quot;_ob_shadough_use&quot;:&quot;no&quot;,&quot;_ob_allow_hoveranimator&quot;:&quot;no&quot;}\" data-widget_type=\"text-editor.default\">\n\t\t\t\t\t\t\t\t\t<p><\/p>\n<p style=\"font-weight: 400;\">Mem\u00f3ria e constru\u00e7\u00e3o do futuro. Como lidar com o apagamento de algu\u00e9m, de um povo, de uma obra? Como evit\u00e1-lo? Como recuperar a hist\u00f3ria, afirmar identidades e construir pontes para o amanh\u00e3? Estas s\u00e3o quest\u00f5es que permeiam os espet\u00e1culos da programa\u00e7\u00e3o do Cena Contempor\u00e2nea \u2013 Festival Internacional de Teatro de Bras\u00edlia, que em 2024 completa 25 edi\u00e7\u00f5es.<\/p>\n<p style=\"font-weight: 400;\">Ao longo de 13 dias, teremos espet\u00e1culos internacionais in\u00e9ditos no Pa\u00eds, estreias nacionais e encena\u00e7\u00f5es premiadas, al\u00e9m de show e uma pequena mostra de filmes, num total de mais de 25 atra\u00e7\u00f5es. E, especialmente para os artistas, atividades formativas com oficina de dramaturgia, resid\u00eancia e encontro com curadores. Um panorama m\u00faltiplo daquilo que tem despertado a puls\u00e3o criadora de artistas ao redor do mundo.<\/p>\n<p style=\"font-weight: 400;\">O Cena Contempor\u00e2nea conta com o patroc\u00ednio da Petrobras e do Minist\u00e9rio da Cultura, atrav\u00e9s do Programa Petrobras Cultural e da Lei de Incentivo \u00e0 Cultura (Lei Rouanet).<\/p>\n<p style=\"font-weight: 400;\">Tenham um bom festival.<\/p>\n<p><\/p>\n<p style=\"font-weight: 400;\"><strong>Guilherme Reis<\/strong><\/p>\n<p>Diretor e Curador<\/p>\n<p><\/p>\n<p style=\"font-weight: 400;\"><br><\/p><p style=\"font-weight: 400;\">A Petrobras possui uma hist\u00f3ria de mais de 40 anos acreditando de forma cont\u00ednua na cultura como elemento transformador e fonte de energia para a sociedade. Apoiando projetos \u00fanicos e parcerias de longo prazo, constr\u00f3i uma rela\u00e7\u00e3o de respeito e colabora\u00e7\u00e3o com realizadores e iniciativas de todo o pa\u00eds.<\/p>\n<p style=\"font-weight: 400;\">O Programa Petrobras Cultural tem a Brasilidade como elemento norteador, que se materializa nas tem\u00e1ticas, origens, curadoria, hist\u00f3ria e caracter\u00edsticas de cada projeto que selecionamos. Por meio do incentivo a diversos projetos, a empresa coloca em pr\u00e1tica sua cren\u00e7a de que a cultura \u00e9 uma importante energia que transforma a sociedade. E acredita que, com criatividade e inspira\u00e7\u00e3o, podemos gerar crescimento e mudan\u00e7as.<\/p>\n<p style=\"font-weight: 400;\">O patroc\u00ednio ao Cena Contempor\u00e2nea refor\u00e7a o papel da Petrobras na promo\u00e7\u00e3o da cultura e consolida sua posi\u00e7\u00e3o como uma das maiores incentivadoras de grandes festivais de teatro no Brasil.<\/p>\n<p><\/p>\n<p><img decoding=\"async\" class=\"alignnone wp-image-56\" src=\"https:\/\/cenacontemporanea.com.br\/2024\/wp-content\/uploads\/2024\/09\/logo_petro-300x60.png\" alt=\"\" width=\"207\" height=\"42\" srcset=\"https:\/\/cenacontemporanea.com.br\/2024\/wp-content\/uploads\/2024\/09\/logo_petro-300x60.png 300w, https:\/\/cenacontemporanea.com.br\/2024\/wp-content\/uploads\/2024\/09\/logo_petro.png 504w\" sizes=\"(max-width: 207px) 100vw, 207px\" \/><\/p>\n<p><\/p>\t\t\t\t\t\t\t\t<\/div>\n\t\t\t\t<\/div>\n\t\t\t\t\t<\/div>\n\t\t\t\t<\/div>\n\t\t<div class=\"elementor-element elementor-element-8d15f35 e-flex e-con-boxed e-con e-parent\" data-id=\"8d15f35\" data-element_type=\"container\" data-settings=\"{&quot;background_background&quot;:&quot;classic&quot;,&quot;_ob_use_container_extras&quot;:&quot;no&quot;,&quot;_ob_column_hoveranimator&quot;:&quot;no&quot;,&quot;_ob_glider_is_slider&quot;:&quot;no&quot;,&quot;_ob_column_has_pseudo&quot;:&quot;no&quot;}\">\n\t\t\t\t\t<div class=\"e-con-inner\">\n\t\t<div class=\"elementor-element elementor-element-677942d e-flex e-con-boxed e-con e-child\" data-id=\"677942d\" data-element_type=\"container\" data-settings=\"{&quot;_ob_use_container_extras&quot;:&quot;no&quot;,&quot;_ob_column_hoveranimator&quot;:&quot;no&quot;,&quot;_ob_glider_is_slider&quot;:&quot;no&quot;,&quot;_ob_column_has_pseudo&quot;:&quot;no&quot;}\">\n\t\t\t\t\t<div class=\"e-con-inner\">\n\t\t<div class=\"elementor-element elementor-element-8ffef64 e-con-full e-flex e-con e-child\" data-id=\"8ffef64\" data-element_type=\"container\" data-settings=\"{&quot;_ob_use_container_extras&quot;:&quot;no&quot;,&quot;_ob_column_hoveranimator&quot;:&quot;no&quot;,&quot;_ob_glider_is_slider&quot;:&quot;no&quot;,&quot;_ob_column_has_pseudo&quot;:&quot;no&quot;}\">\n\t\t\t\t<div class=\"elementor-element elementor-element-1754ab2 ob-harakiri-inherit ob-has-background-overlay elementor-widget elementor-widget-heading\" data-id=\"1754ab2\" data-element_type=\"widget\" data-settings=\"{&quot;_ob_use_harakiri&quot;:&quot;yes&quot;,&quot;_ob_harakiri_writing_mode&quot;:&quot;inherit&quot;,&quot;_ob_harakiri_text_clip&quot;:&quot;none&quot;,&quot;_ob_widget_stalker_use&quot;:&quot;no&quot;,&quot;_ob_poopart_use&quot;:&quot;yes&quot;,&quot;_ob_shadough_use&quot;:&quot;no&quot;,&quot;_ob_allow_hoveranimator&quot;:&quot;no&quot;}\" data-widget_type=\"heading.default\">\n\t\t\t\t\t<h2 class=\"elementor-heading-title elementor-size-default\">Cat\u00e1logo Cena Contempor\u00e2nea 2024 <\/h2>\t\t\t\t<\/div>\n\t\t\t\t<\/div>\n\t\t\t\t<div class=\"elementor-element elementor-element-3dcb872 ob-has-background-overlay elementor-widget elementor-widget-image\" data-id=\"3dcb872\" data-element_type=\"widget\" data-settings=\"{&quot;_ob_photomorph_use&quot;:&quot;no&quot;,&quot;_ob_widget_stalker_use&quot;:&quot;no&quot;,&quot;_ob_poopart_use&quot;:&quot;yes&quot;,&quot;_ob_shadough_use&quot;:&quot;no&quot;,&quot;_ob_allow_hoveranimator&quot;:&quot;no&quot;}\" data-widget_type=\"image.default\">\n\t\t\t\t\t\t\t\t\t\t\t\t\t\t\t<img fetchpriority=\"high\" decoding=\"async\" width=\"731\" height=\"1024\" src=\"https:\/\/cenacontemporanea.com.br\/2024\/wp-content\/uploads\/2024\/11\/CENA_24_catalogo_Cover-731x1024.jpg\" class=\"attachment-large size-large wp-image-2215\" alt=\"Capa, cat\u00e1lofo Cena Contempor\u00e2nea 2024\" srcset=\"https:\/\/cenacontemporanea.com.br\/2024\/wp-content\/uploads\/2024\/11\/CENA_24_catalogo_Cover-731x1024.jpg 731w, https:\/\/cenacontemporanea.com.br\/2024\/wp-content\/uploads\/2024\/11\/CENA_24_catalogo_Cover-214x300.jpg 214w, https:\/\/cenacontemporanea.com.br\/2024\/wp-content\/uploads\/2024\/11\/CENA_24_catalogo_Cover-768x1075.jpg 768w, https:\/\/cenacontemporanea.com.br\/2024\/wp-content\/uploads\/2024\/11\/CENA_24_catalogo_Cover.jpg 800w\" sizes=\"(max-width: 731px) 100vw, 731px\" \/>\t\t\t\t\t\t\t\t\t\t\t\t\t\t\t<\/div>\n\t\t\t\t\t<\/div>\n\t\t\t\t<\/div>\n\t\t\t\t\t<\/div>\n\t\t\t\t<\/div>\n\t\t\t\t<\/div>\n\t\t","protected":false},"excerpt":{"rendered":"<p>cena contempor\u00e2nea 2024\/ Mem\u00f3ria e constru\u00e7\u00e3o do futuro. Como lidar com o apagamento de algu\u00e9m, de um povo, de uma obra? Como evit\u00e1-lo? Como recuperar a hist\u00f3ria, afirmar identidades e construir pontes para o amanh\u00e3? Estas s\u00e3o quest\u00f5es que permeiam os espet\u00e1culos da programa\u00e7\u00e3o do Cena Contempor\u00e2nea \u2013 Festival Internacional de Teatro de Bras\u00edlia, que [&hellip;]<\/p>\n","protected":false},"author":2,"featured_media":0,"parent":0,"menu_order":2,"comment_status":"closed","ping_status":"closed","template":"","meta":{"_acf_changed":false,"inline_featured_image":false,"footnotes":""},"class_list":["post-160","page","type-page","status-publish","hentry"],"acf":[],"_links":{"self":[{"href":"https:\/\/cenacontemporanea.com.br\/2024\/wp-json\/wp\/v2\/pages\/160","targetHints":{"allow":["GET"]}}],"collection":[{"href":"https:\/\/cenacontemporanea.com.br\/2024\/wp-json\/wp\/v2\/pages"}],"about":[{"href":"https:\/\/cenacontemporanea.com.br\/2024\/wp-json\/wp\/v2\/types\/page"}],"author":[{"embeddable":true,"href":"https:\/\/cenacontemporanea.com.br\/2024\/wp-json\/wp\/v2\/users\/2"}],"replies":[{"embeddable":true,"href":"https:\/\/cenacontemporanea.com.br\/2024\/wp-json\/wp\/v2\/comments?post=160"}],"version-history":[{"count":110,"href":"https:\/\/cenacontemporanea.com.br\/2024\/wp-json\/wp\/v2\/pages\/160\/revisions"}],"predecessor-version":[{"id":2224,"href":"https:\/\/cenacontemporanea.com.br\/2024\/wp-json\/wp\/v2\/pages\/160\/revisions\/2224"}],"wp:attachment":[{"href":"https:\/\/cenacontemporanea.com.br\/2024\/wp-json\/wp\/v2\/media?parent=160"}],"curies":[{"name":"wp","href":"https:\/\/api.w.org\/{rel}","templated":true}]}}